{"id":143,"date":"2016-06-20T07:48:11","date_gmt":"2016-06-20T07:48:11","guid":{"rendered":"http:\/\/sw-themes.com\/porto_dummy\/?page_id=143"},"modified":"2023-08-07T08:00:46","modified_gmt":"2023-08-07T08:00:46","slug":"home","status":"publish","type":"page","link":"https:\/\/www.golgeplast.com\/en\/","title":{"rendered":"HOME"},"content":{"rendered":"<section class=\"wpb-content-wrapper\"><div class=\"vc_row wpb_row top-row home-banner vc_custom_1691395321610 vc_row-has-fill porto-inner-container\"><div class=\"porto-wrap-container container\"><div class=\"row align-items-center\"><div class=\"mb-md-0 mb-4 vc_column_container col-md-8\"><div class=\"wpb_wrapper vc_column-inner\"><h2 style=\"font-size: 1.4em;line-height: 26px;font-weight:600;letter-spacing:-.5px\" class=\"vc_custom_heading d-inline mb-0 m-r-xs align-left\" >A Comfortable Future with Eco-Friendly Bags...<\/h2><p style=\"font-size: 1.12em;font-weight:300;letter-spacing:-.5px\" class=\"vc_custom_heading mb-0 vc_custom_1691313666232 align-left\" >G\u00f6lge Plastik Ambalaj D\u0131\u015f Tic. San. Ltd. \u015eti.<\/p><\/div><\/div><div class=\"text-md-right vc_column_container col-md-4 vc_custom_1645944410330\"><div class=\"wpb_wrapper vc_column-inner\"><div class=\"vc_btn3-container  mb-0 font-weight-semibold vc_btn3-inline\" >\r\n\t<a class=\"vc_btn3 vc_btn3-shape-default wpb_custom_6687b26f39488ddbb85ddb3c1ce8e111 btn btn-lg btn-primary\" style=\"letter-spacing:-.5px; padding:1em 1.8em;\" href=\"https:\/\/www.golgeplast.com\/en\/iletisim\/\" title=\"\">Our Contact Information<\/a>\t<\/div>\r\n<\/div><\/div><\/div><\/div><\/div><div class=\"vc_row wpb_row top-row porto-inner-container\"><div class=\"porto-wrap-container container\"><div class=\"row\"><div class=\"vc_column_container col-md-6\"><div class=\"wpb_wrapper vc_column-inner\"><div class=\"vc_empty_space\"   style=\"height: 50px\"><span class=\"vc_empty_space_inner\"><\/span><\/div>\n\t<div class=\"wpb_text_column wpb_content_element\" >\n\t\t<div class=\"wpb_wrapper\">\n\t\t\t         <style>\r\n             #player6a09a7a04d305.h5vp_player { width: ; border-radius: ; overflow: hidden; }        <\/style>\r\n        <div id=\"h5vp_player\">\r\n            <div data-unique-id=\"6a09a7a04d32d\" id=\"player6a09a7a04d305\" class=\"h5vp_player h5vp_player_initializer\" data-settings=\"{&quot;options&quot;:{&quot;controls&quot;:[&quot;play-large&quot;,&quot;rewind&quot;,&quot;play&quot;,&quot;fast-forward&quot;,&quot;progress&quot;,&quot;current-time&quot;,&quot;mute&quot;,&quot;volume&quot;,&quot;settings&quot;,&quot;fullscreen&quot;],&quot;loop&quot;:{&quot;active&quot;:false},&quot;muted&quot;:false,&quot;hideControls&quot;:true,&quot;autoplay&quot;:false,&quot;tooltips&quot;:{&quot;controls&quot;:true,&quot;seek&quot;:true},&quot;resetOnEnd&quot;:false,&quot;captions&quot;:{&quot;active&quot;:true,&quot;update&quot;:true}},&quot;infos&quot;:{&quot;source&quot;:&quot;https:\\\/\\\/www.golgeplast.com\\\/wp-content\\\/uploads\\\/2023\\\/05\\\/golge-intro.mp4&quot;,&quot;poster&quot;:&quot;https:\\\/\\\/www.golgeplast.com\\\/wp-content\\\/uploads\\\/2023\\\/05\\\/video-cover.jpg&quot;,&quot;skin&quot;:&quot;default&quot;,&quot;pause_other&quot;:false,&quot;id&quot;:0}}\">\r\n                <video playsinline poster=\"https:\/\/www.golgeplast.com\/wp-content\/uploads\/2023\/05\/video-cover.jpg\"  >\r\n                    <source src=\"https:\/\/www.golgeplast.com\/wp-content\/uploads\/2023\/05\/golge-intro.mp4\" type=\"video\/mp4\">\r\n                    Your browser does not support the video tag.\r\n                <\/video>\r\n            <\/div>\r\n        <\/div>\r\n        \n\n\t\t<\/div>\n\t<\/div>\n<\/div><\/div><div class=\"vc_column_container col-md-6\"><div class=\"wpb_wrapper vc_column-inner\"><div class=\"vc_empty_space\"   style=\"height: 32px\"><span class=\"vc_empty_space_inner\"><\/span><\/div><h2 style=\"font-size: 25px\" class=\"vc_custom_heading vc_custom_1680978973435 align-left\" ><b>Who<\/b> Are We?<\/h2>\n\t<div class=\"wpb_text_column wpb_content_element\" >\n\t\t<div class=\"wpb_wrapper\">\n\t\t\t<p>Since 1995, G\u00d6LGEPLAST has been advancing in the plastic packaging industry with its experience, competitive pricing strategy, and superior quality, aiming to become a leading company.<\/p>\n<p>Our company's product range includes Trash bags and Sports bags, and in addition to that, we specialize in custom packaging solutions for various industries, ranging from automotive to medical and different food packaging needs.<\/p>\n<p>Our company, which offers sectoral innovations to its customers, has pioneered numerous advancements in the packaging industry in Turkey through its research and development efforts.<\/p>\n\n\t\t<\/div>\n\t<\/div>\n<\/div><\/div><\/div><\/div><\/div><div data-vc-full-width=\"true\" data-vc-full-width-init=\"false\" data-vc-parallax=\"\" class=\"vc_row wpb_row top-row vc_custom_1691319658384 section section-default mt-0 mb-0 section-no-borders vc_row-has-fill vc_general vc_parallax vc_parallax-content-moving porto-inner-container\"><div class=\"porto-wrap-container container\"><div class=\"row\"><div class=\"vc_column_container col-md-12 col-lg-12\"><div class=\"wpb_wrapper vc_column-inner\"><h2 style=\"font-size: 25px;text-align: center\" class=\"vc_custom_heading vc_custom_1691312396403\" ><b>Our Products<\/b><\/h2><div class=\"vc_row wpb_row vc_inner row\"><div class=\"vc_column_container col-md-6\"><div class=\"wpb_wrapper vc_column-inner\"><div class=\"porto-image-frame\"><div class=\"thumb-info thumb-info-lighten\"><a href=\"https:\/\/www.golgeplast.com\/en\/product\/cop-poseti\/\" title=\"\" target=\"_self\"><span class=\"thumb-info-wrapper\"><img loading=\"lazy\" decoding=\"async\" alt=\"\" src=\"\/\/www.golgeplast.com\/wp-content\/uploads\/2023\/08\/cop-banner.jpg\" class=\"img-responsive\" width=\"900\" height=\"600\"><span class=\"thumb-info-title\"><span class=\"thumb-info-inner\">GARBAGE BAG<em><\/em><\/span><span class=\"thumb-info-type\">G\u00d6LGE PLAST<\/span><\/span><span class=\"thumb-info-action\"><span class=\"thumb-info-action-icon\"><i class=\"fas fa-link\"><\/i><\/span><\/span><\/span><\/a><\/div><\/div><\/div><\/div><div class=\"vc_column_container col-md-6\"><div class=\"wpb_wrapper vc_column-inner\"><div class=\"porto-image-frame\"><div class=\"thumb-info thumb-info-lighten\"><a href=\"https:\/\/www.golgeplast.com\/en\/product\/atlet-poset\/\" title=\"\" target=\"_self\"><span class=\"thumb-info-wrapper\"><img loading=\"lazy\" decoding=\"async\" alt=\"\" src=\"\/\/www.golgeplast.com\/wp-content\/uploads\/2023\/08\/atlet-banner.jpg\" class=\"img-responsive\" width=\"900\" height=\"600\"><span class=\"thumb-info-title\"><span class=\"thumb-info-inner\">T-SHIRT BAG<em><\/em><\/span><span class=\"thumb-info-type\">G\u00d6LGE PLAST<\/span><\/span><span class=\"thumb-info-action\"><span class=\"thumb-info-action-icon\"><i class=\"fas fa-link\"><\/i><\/span><\/span><\/span><\/a><\/div><\/div><\/div><\/div><\/div><\/div><\/div><\/div><\/div><\/div><div class=\"vc_row-full-width vc_clearfix\"><\/div><div class=\"vc_row wpb_row row top-row\"><div class=\"vc_column_container col-md-4\"><div class=\"wpb_wrapper vc_column-inner\"><\/div><\/div><div class=\"vc_column_container col-md-4\"><div class=\"wpb_wrapper vc_column-inner\">\n\t<div class=\"wpb_text_column wpb_content_element\" >\n\t\t<div class=\"wpb_wrapper\">\n\t\t\t<div class=\"carousel-slider-outer carousel-slider-outer-image-carousel carousel-slider-outer-2678\" style=\"--carousel-slider-nav-color:#f1f1f1;--carousel-slider-active-nav-color:#00d1b2;--carousel-slider-arrow-size:48px;--carousel-slider-bullet-size:10px\">\n<div id=\"&#039;id-2678\" class=\"carousel-slider carousel-slider-2678 arrows-visibility-hover dots-visibility-never arrows-outside dots-center dots-circle owl-carousel\" data-slide-type=\"image-carousel\" data-owl-settings='{\"nav\":true,\"dots\":false,\"slideBy\":1,\"stagePadding\":0,\"margin\":10,\"loop\":true,\"lazyLoad\":false,\"autoplay\":true,\"autoplayTimeout\":5000,\"autoplaySpeed\":500,\"autoplayHoverPause\":true,\"autoWidth\":false,\"responsive\":{\"300\":{\"items\":1},\"576\":{\"items\":2},\"768\":{\"items\":2},\"1024\":{\"items\":4},\"1280\":{\"items\":4},\"1536\":{\"items\":4}}}'>\n<div class=\"carousel-slider__item\">\n\t<img loading=\"lazy\" decoding=\"async\" width=\"250\" height=\"148\" src=\"https:\/\/www.golgeplast.com\/wp-content\/uploads\/2023\/08\/logo1.png\" class=\"attachment-full size-full\" alt=\"\" \/><\/a><\/div>\n\n<div class=\"carousel-slider__item\">\n\t<img loading=\"lazy\" decoding=\"async\" width=\"250\" height=\"148\" src=\"https:\/\/www.golgeplast.com\/wp-content\/uploads\/2023\/08\/logo2.png\" class=\"attachment-full size-full\" alt=\"\" \/><\/a><\/div>\n\n<div class=\"carousel-slider__item\">\n\t<img loading=\"lazy\" decoding=\"async\" width=\"250\" height=\"148\" src=\"https:\/\/www.golgeplast.com\/wp-content\/uploads\/2023\/08\/logo3.png\" class=\"attachment-full size-full\" alt=\"\" \/><\/a><\/div>\n\n<div class=\"carousel-slider__item\">\n\t<img loading=\"lazy\" decoding=\"async\" width=\"250\" height=\"148\" src=\"https:\/\/www.golgeplast.com\/wp-content\/uploads\/2023\/08\/logo4.png\" class=\"attachment-full size-full\" alt=\"\" \/><\/a><\/div>\n\n<\/div><!-- .carousel-slider-2678 -->\n<\/div><!-- .carousel-slider-outer-2678 -->\n\n\n\t\t<\/div>\n\t<\/div>\n<\/div><\/div><div class=\"vc_column_container col-md-4\"><div class=\"wpb_wrapper vc_column-inner\"><\/div><\/div><\/div>\n<\/section>","protected":false},"excerpt":{"rendered":"\u00c7evreye Duyarl\u0131 Po\u015fetlerle Konforlu Gelecek...G\u00f6lge Plastik Ambalaj D\u0131\u015f Tic. San. Ltd. \u015eti. \u0130leti\u015fim Bilgilerimiz Your browser does not support the video tag. Biz Kimiz? G\u00d6LGEPLAST 1995'ten beri tecr\u00fcbesiyle plastik ambalaj sekt\u00f6r\u00fcnde rekabet\u00e7i fiyat politikas\u0131yla ve \u00fcst\u00fcn kalitesiyle lider firma olma yolunda ilerlemektedir. \u015eirketimizin \u00fcr\u00fcn yelpazesinde \u00c7\u00f6p po\u015feti ve Atlet po\u015fet \u00fcr\u00fcnleri olu\u015fturmaktad\u0131r, bunun d\u0131\u015f\u0131nda otomotivden [...]","protected":false},"author":1,"featured_media":0,"parent":0,"menu_order":0,"comment_status":"closed","ping_status":"closed","template":"","meta":{"footnotes":""},"class_list":["post-143","page","type-page","status-publish","hentry"],"_links":{"self":[{"href":"https:\/\/www.golgeplast.com\/en\/wp-json\/wp\/v2\/pages\/143","targetHints":{"allow":["GET"]}}],"collection":[{"href":"https:\/\/www.golgeplast.com\/en\/wp-json\/wp\/v2\/pages"}],"about":[{"href":"https:\/\/www.golgeplast.com\/en\/wp-json\/wp\/v2\/types\/page"}],"author":[{"embeddable":true,"href":"https:\/\/www.golgeplast.com\/en\/wp-json\/wp\/v2\/users\/1"}],"replies":[{"embeddable":true,"href":"https:\/\/www.golgeplast.com\/en\/wp-json\/wp\/v2\/comments?post=143"}],"version-history":[{"count":32,"href":"https:\/\/www.golgeplast.com\/en\/wp-json\/wp\/v2\/pages\/143\/revisions"}],"predecessor-version":[{"id":2738,"href":"https:\/\/www.golgeplast.com\/en\/wp-json\/wp\/v2\/pages\/143\/revisions\/2738"}],"wp:attachment":[{"href":"https:\/\/www.golgeplast.com\/en\/wp-json\/wp\/v2\/media?parent=143"}],"curies":[{"name":"wp","href":"https:\/\/api.w.org\/{rel}","templated":true}]}}