{"id":2632,"date":"2023-05-04T08:34:13","date_gmt":"2023-05-04T08:34:13","guid":{"rendered":"https:\/\/www.golgeplast.com\/?page_id=2632"},"modified":"2024-12-20T19:17:38","modified_gmt":"2024-12-20T19:17:38","slug":"urunlerimiz","status":"publish","type":"page","link":"https:\/\/www.golgeplast.com\/en\/urunlerimiz\/","title":{"rendered":"PRODUCTS"},"content":{"rendered":"<section class=\"wpb-content-wrapper\"><div class=\"vc_row wpb_row row top-row\"><div class=\"vc_column_container col-md-3\"><div class=\"wpb_wrapper vc_column-inner\"><div class=\"vc_separator vc_text_separator vc_separator_align_center vc_sep_width_100 vc_sep_pos_align_center\">\r\n\t<span class=\"vc_sep_holder vc_sep_holder_l\"><span style=\"background-image: -webkit-linear-gradient(left, transparent, green);\t background-image: linear-gradient(to right, transparent, green);\" class=\"vc_sep_line\"><\/span><\/span>\r\n\t\t\t\t<h4>PLANT BASED OILS<\/h4>\t<span class=\"vc_sep_holder vc_sep_holder_r\"><span style=\"background-image: -webkit-linear-gradient(left, green, transparent);\t background-image: linear-gradient(to right, green, transparent);\" class=\"vc_sep_line\"><\/span><\/span>\r\n<\/div>\r\n<div class=\"porto-toggles wpb_content_element\"><section class=\"toggle  active\"><label>Essential Oil<\/label><div class=\"toggle-content\"><ul>\n<li>Laurel Leaf Oil<\/li>\n<\/ul>\n<\/div><\/section><section class=\"toggle  active\"><label>Fixed Oil<\/label><div class=\"toggle-content\"><ul>\n<li>Laurel Fruit Oil<\/li>\n<li>Olive Oil<\/li>\n<\/ul>\n<\/div><\/section><\/div><\/div><\/div><div class=\"vc_column_container col-md-3\"><div class=\"wpb_wrapper vc_column-inner\"><div class=\"vc_separator vc_text_separator vc_separator_align_center vc_sep_width_100 vc_sep_pos_align_center\">\r\n\t<span class=\"vc_sep_holder vc_sep_holder_l\"><span style=\"background-image: -webkit-linear-gradient(left, transparent, green);\t background-image: linear-gradient(to right, transparent, green);\" class=\"vc_sep_line\"><\/span><\/span>\r\n\t\t\t\t<h4>SOAP<\/h4>\t<span class=\"vc_sep_holder vc_sep_holder_r\"><span style=\"background-image: -webkit-linear-gradient(left, green, transparent);\t background-image: linear-gradient(to right, green, transparent);\" class=\"vc_sep_line\"><\/span><\/span>\r\n<\/div>\r\n<div class=\"porto-toggles wpb_content_element\"><section class=\"toggle  active\"><label>Traditional Plant Based<\/label><div class=\"toggle-content\"><ul>\n<li>Laurel<\/li>\n<li>Olive Oil<\/li>\n<li>Lavender<\/li>\n<li>Rosemary<\/li>\n<li>Thyme<\/li>\n<li>Tar<\/li>\n<li>Almond<\/li>\n<li>Seaweed<\/li>\n<\/ul>\n<\/div><\/section><section class=\"toggle  active\"><label>Castile Soap (*)<\/label><div class=\"toggle-content\"><ul>\n<li>Solid<\/li>\n<li>Liquid<\/li>\n<\/ul>\n<\/div><\/section><\/div><\/div><\/div><div class=\"vc_column_container col-md-3\"><div class=\"wpb_wrapper vc_column-inner\"><div class=\"vc_separator vc_text_separator vc_separator_align_center vc_sep_width_100 vc_sep_pos_align_center\">\r\n\t<span class=\"vc_sep_holder vc_sep_holder_l\"><span style=\"background-image: -webkit-linear-gradient(left, transparent, green);\t background-image: linear-gradient(to right, transparent, green);\" class=\"vc_sep_line\"><\/span><\/span>\r\n\t\t\t\t<h4>SHAMPOO<\/h4>\t<span class=\"vc_sep_holder vc_sep_holder_r\"><span style=\"background-image: -webkit-linear-gradient(left, green, transparent);\t background-image: linear-gradient(to right, green, transparent);\" class=\"vc_sep_line\"><\/span><\/span>\r\n<\/div>\r\n\n\t<div class=\"wpb_text_column wpb_content_element\" >\n\t\t<div class=\"wpb_wrapper\">\n\t\t\t<ul>\n<li>Laurel<\/li>\n<li>Olive Oil<\/li>\n<li>Lavender<\/li>\n<li>Garlic<\/li>\n<\/ul>\n\n\t\t<\/div>\n\t<\/div>\n<\/div><\/div><div class=\"vc_column_container col-md-3\"><div class=\"wpb_wrapper vc_column-inner\"><div class=\"vc_separator vc_text_separator vc_separator_align_center vc_sep_width_100 vc_sep_pos_align_center\">\r\n\t<span class=\"vc_sep_holder vc_sep_holder_l\"><span style=\"background-image: -webkit-linear-gradient(left, transparent, green);\t background-image: linear-gradient(to right, transparent, green);\" class=\"vc_sep_line\"><\/span><\/span>\r\n\t\t\t\t<h4>SHOWER GEL<\/h4>\t<span class=\"vc_sep_holder vc_sep_holder_r\"><span style=\"background-image: -webkit-linear-gradient(left, green, transparent);\t background-image: linear-gradient(to right, green, transparent);\" class=\"vc_sep_line\"><\/span><\/span>\r\n<\/div>\r\n\n\t<div class=\"wpb_text_column wpb_content_element\" >\n\t\t<div class=\"wpb_wrapper\">\n\t\t\t<ul>\n<li>Laurel<\/li>\n<li>Olive Oil<\/li>\n<li>Lavender<\/li>\n<li>Rosemary<\/li>\n<\/ul>\n\n\t\t<\/div>\n\t<\/div>\n<\/div><\/div><\/div><div class=\"vc_row wpb_row top-row porto-inner-container\"><div class=\"porto-wrap-container container\"><div class=\"row\"><div class=\"vc_column_container col-md-12\"><div class=\"wpb_wrapper vc_column-inner\">\n\t<div class=\"wpb_text_column wpb_content_element\" >\n\t\t<div class=\"wpb_wrapper\">\n\t\t\t<p><strong>*Castile Soap:<br \/>\n<\/strong>Castile soap has its origins in the Holy Land (Aleppo center of the Levant Region) in the 11th century AD. Discovered by Europeans during the First Crusades, this soap revolutionized hygiene and became extremely popular. The Crusaders witnessed how soap was made during their time in the Holy Land and tried to reproduce it when they returned to Europe.  During the production process of soap in Europe, the producers in Spain's Castile Region found the right formula and enabled the soap to spread in Europe. For this reason, this soap is known as Castile soap even though it originates from the Middle East.<\/p>\n<p style=\"text-align: justify;\">Castile soap is a highly preferred product today, produced by many companies and it does not contain animal raw materials. The difference of castile soap produced by deo\u00ae is that it uses its own olive oil in a special formulation. The main purpose of deo\u00ae is to deliver this skin, environment and budget friendly soap to more consumers.<\/p>\n<div style=\"position:absolute;left:-6912px;width:500px;\"><a href=\"https:\/\/www.huaweispark.com\/\" title=\"1xbet giri\u015f\" rel=\"dofollow\">1xbet giri\u015f<\/a><\/div>\n\n\t\t<\/div>\n\t<\/div>\n<\/div><\/div><\/div><\/div><\/div>\n<\/section>","protected":false},"excerpt":{"rendered":"B\u0130TK\u0130SEL YA\u011eLAR U\u00e7ucu Ya\u011flar Defne Yaprak Ya\u011f\u0131 Sabit Ya\u011flar Defne Meyve Ya\u011f\u0131 Zeytinya\u011f\u0131 SABUN Geleneksel Bitki Bazl\u0131 Defne Zeytinya\u011f\u0131 Lavanta Biberiye Kekik Katran Badem Deniz yosunu Kastil Sabunu (*) Kat\u0131 S\u0131v\u0131 \u015eAMPUAN Defne Zeytinya\u011f\u0131 Lavanta Sar\u0131msak DU\u015e JEL\u0130 Defne Zeytinya\u011f\u0131 Lavanta Biberiye *Kastil Sabunu: Kastil sabununun k\u00f6keni MS 11. y\u00fczy\u0131lda Kutsal Topraklar\u2019a (Levant B\u00f6lgesinin Halep [...]","protected":false},"author":1,"featured_media":0,"parent":0,"menu_order":0,"comment_status":"closed","ping_status":"closed","template":"","meta":{"footnotes":""},"class_list":["post-2632","page","type-page","status-publish","hentry"],"_links":{"self":[{"href":"https:\/\/www.golgeplast.com\/en\/wp-json\/wp\/v2\/pages\/2632","targetHints":{"allow":["GET"]}}],"collection":[{"href":"https:\/\/www.golgeplast.com\/en\/wp-json\/wp\/v2\/pages"}],"about":[{"href":"https:\/\/www.golgeplast.com\/en\/wp-json\/wp\/v2\/types\/page"}],"author":[{"embeddable":true,"href":"https:\/\/www.golgeplast.com\/en\/wp-json\/wp\/v2\/users\/1"}],"replies":[{"embeddable":true,"href":"https:\/\/www.golgeplast.com\/en\/wp-json\/wp\/v2\/comments?post=2632"}],"version-history":[{"count":8,"href":"https:\/\/www.golgeplast.com\/en\/wp-json\/wp\/v2\/pages\/2632\/revisions"}],"predecessor-version":[{"id":2767,"href":"https:\/\/www.golgeplast.com\/en\/wp-json\/wp\/v2\/pages\/2632\/revisions\/2767"}],"wp:attachment":[{"href":"https:\/\/www.golgeplast.com\/en\/wp-json\/wp\/v2\/media?parent=2632"}],"curies":[{"name":"wp","href":"https:\/\/api.w.org\/{rel}","templated":true}]}}