{"id":58,"date":"2016-06-13T16:11:07","date_gmt":"2016-06-13T16:11:07","guid":{"rendered":"http:\/\/sw-themes.com\/porto_dummy\/?page_id=58"},"modified":"2023-08-06T11:07:05","modified_gmt":"2023-08-06T11:07:05","slug":"hakkimizda","status":"publish","type":"page","link":"https:\/\/www.golgeplast.com\/en\/hakkimizda\/","title":{"rendered":"ABOUT US"},"content":{"rendered":"<section class=\"wpb-content-wrapper\"><div class=\"vc_row wpb_row top-row row-align-items-center vc_custom_1681029940329 porto-inner-container\"><div class=\"porto-wrap-container container\"><div class=\"row\"><div class=\"vc_column_container col-md-6\"><div class=\"wpb_wrapper vc_column-inner\"><h2 style=\"font-size: 21px\" class=\"vc_custom_heading align-left\" ><b>G\u00d6LGE<\/b> PLAST<\/h2>\n\t<div class=\"wpb_text_column wpb_content_element\" >\n\t\t<div class=\"wpb_wrapper\">\n\t\t\t<p>Since 1995, G\u00d6LGEPLAST has been advancing in the plastic packaging industry with its experience, competitive pricing strategy, and superior quality, aiming to become a leading company.<\/p>\n<p>Our company's product range includes Trash bags and Sports bags, and in addition to that, we specialize in custom packaging solutions for various industries, ranging from automotive to medical and different food packaging needs.<\/p>\n<p>Our company, which offers sectoral innovations to its customers, has pioneered numerous advancements in the packaging industry in Turkey through its research and development efforts.<\/p>\n<p><strong>Vision<br \/>\n<\/strong>Constantly improving our product and service quality to meet and exceed our customers' demands and expectations at the highest level.<\/p>\n<p><strong>Mission<br \/>\n<\/strong>Being among the pioneering organizations in the plastic industry. Utilizing technology to produce high-quality products for the future without harming the environment.<\/p>\n\n\t\t<\/div>\n\t<\/div>\n<\/div><\/div><div class=\"vc_column_container col-md-6\"><div class=\"wpb_wrapper vc_column-inner\"><div class=\"porto-carousel owl-carousel has-ccols ccols-1 wpb_custom_c86c2fb53cae9eced42d4b8900a042f3\" data-plugin-options=\"{&quot;stagePadding&quot;:0,&quot;margin&quot;:0,&quot;autoplay&quot;:false,&quot;mouseDrag&quot;:true,&quot;touchDrag&quot;:true,&quot;autoplayTimeout&quot;:5000,&quot;autoplayHoverPause&quot;:false,&quot;items&quot;:1,&quot;lg&quot;:1,&quot;md&quot;:1,&quot;sm&quot;:1,&quot;xs&quot;:1,&quot;nav&quot;:false,&quot;dots&quot;:&quot;yes&quot;,&quot;animateIn&quot;:&quot;fadeInRight&quot;,&quot;animateOut&quot;:&quot;&quot;,&quot;loop&quot;:false,&quot;center&quot;:false,&quot;video&quot;:false,&quot;lazyLoad&quot;:false,&quot;fullscreen&quot;:false}\">\r\n\t<div class=\"wpb_single_image wpb_content_element vc_align_right\">\r\n\t\t<div class=\"wpb_wrapper\">\r\n\t\t\t\r\n\t\t\t<div class=\"vc_single_image-wrapper vc_box_rounded  vc_box_border_grey\"><img loading=\"lazy\" decoding=\"async\" width=\"2000\" height=\"1538\" src=\"https:\/\/www.golgeplast.com\/wp-content\/uploads\/2023\/08\/hakkimizda.jpg\" class=\"vc_single_image-img attachment-full\" alt=\"\" title=\"hakkimizda\" srcset=\"https:\/\/www.golgeplast.com\/wp-content\/uploads\/2023\/08\/hakkimizda.jpg 2000w, https:\/\/www.golgeplast.com\/wp-content\/uploads\/2023\/08\/hakkimizda-1024x787.jpg 1024w, https:\/\/www.golgeplast.com\/wp-content\/uploads\/2023\/08\/hakkimizda-768x591.jpg 768w, https:\/\/www.golgeplast.com\/wp-content\/uploads\/2023\/08\/hakkimizda-1536x1181.jpg 1536w, https:\/\/www.golgeplast.com\/wp-content\/uploads\/2023\/08\/hakkimizda-640x492.jpg 640w, https:\/\/www.golgeplast.com\/wp-content\/uploads\/2023\/08\/hakkimizda-400x308.jpg 400w\" sizes=\"auto, (max-width: 2000px) 100vw, 2000px\" \/><\/div>\r\n\t\t<\/div>\r\n\t<\/div>\r\n<\/div><\/div><\/div><\/div><\/div><\/div>\n<\/section>","protected":false},"excerpt":{"rendered":"G\u00d6LGE PLAST G\u00d6LGEPLAST 1995 den beri tecr\u00fcbesiyle plastik ambalaj sekt\u00f6r\u00fcnde rekabet\u00e7i fiyat politikas\u0131yla ve \u00fcst\u00fcn kalitesiyle lider firma olma yolunda ilerlemektedir. \u015eirketimizin \u00fcr\u00fcn yelpazesinde \u00c7\u00f6p po\u015feti ve Atlet po\u015fet \u00fcr\u00fcnleri olu\u015fturmaktad\u0131r, bunun d\u0131\u015f\u0131nda otomotivden medikal ve \u00e7e\u015fitli g\u0131da ambalajlar\u0131na kadar bir \u00e7ok alanda firmalara \u00f6zel ambalaj \u00fcretimi ger\u00e7ekle\u015ftirilmektedir. Sekt\u00f6rel yenilikleri m\u00fc\u015fterilerinin kullan\u0131m\u0131na sunan \u015firketimiz, yapt\u0131\u011f\u0131 [...]","protected":false},"author":1,"featured_media":0,"parent":0,"menu_order":0,"comment_status":"closed","ping_status":"closed","template":"","meta":{"footnotes":""},"class_list":["post-58","page","type-page","status-publish","hentry"],"_links":{"self":[{"href":"https:\/\/www.golgeplast.com\/en\/wp-json\/wp\/v2\/pages\/58","targetHints":{"allow":["GET"]}}],"collection":[{"href":"https:\/\/www.golgeplast.com\/en\/wp-json\/wp\/v2\/pages"}],"about":[{"href":"https:\/\/www.golgeplast.com\/en\/wp-json\/wp\/v2\/types\/page"}],"author":[{"embeddable":true,"href":"https:\/\/www.golgeplast.com\/en\/wp-json\/wp\/v2\/users\/1"}],"replies":[{"embeddable":true,"href":"https:\/\/www.golgeplast.com\/en\/wp-json\/wp\/v2\/comments?post=58"}],"version-history":[{"count":11,"href":"https:\/\/www.golgeplast.com\/en\/wp-json\/wp\/v2\/pages\/58\/revisions"}],"predecessor-version":[{"id":2735,"href":"https:\/\/www.golgeplast.com\/en\/wp-json\/wp\/v2\/pages\/58\/revisions\/2735"}],"wp:attachment":[{"href":"https:\/\/www.golgeplast.com\/en\/wp-json\/wp\/v2\/media?parent=58"}],"curies":[{"name":"wp","href":"https:\/\/api.w.org\/{rel}","templated":true}]}}